{"id":6628,"date":"2020-02-12T07:23:27","date_gmt":"2020-02-12T06:23:27","guid":{"rendered":"https:\/\/albertobellone.it\/?page_id=6628"},"modified":"2020-02-12T13:40:24","modified_gmt":"2020-02-12T12:40:24","slug":"curriculum-vitae-espanol","status":"publish","type":"page","link":"https:\/\/albertobellone.it\/es\/curriculum-vitae-espanol\/","title":{"rendered":"Curriculum Vitae"},"content":{"rendered":"<p>El Doctor Alberto Bellone se gradu\u00f2 en Medicina y Cirug\u00eda en la Universidad de Torino en 1996 con una puntuaci\u00f3n de 105\/110 y dignidad de prensa discutiendo la tesis \u2018\u2019Principios, T\u00e9cnica, utilidad y l\u00edmites del Eco-Color-Doppler en Oftalmolog\u00eda\u2019\u2019 asesor Prof. B. Boles Carenini.<\/p>\n<p>Habilitado en 1997 a la profesi\u00f3n de M\u00e9dico Cirujano, ha conseguido en 2000 una especializaci\u00f3n en Oftalmolog\u00eda en la Universidad de Torino con una puntuaci\u00f3n de 70\/70 y dignidad de prensa discutiendo la tesis \u2018\u2019Principios, T\u00e9cnica, Utilidad y L\u00edmites de la Ecograf\u00eda Tridimensional en Oftalmolog\u00eda\u2019\u2019 asesor Prof. B. Boles Carenini.<\/p>\n<p>Paralelamente, en 1999, ha participado al curso \u2018\u2019Rehabilitadores de la visi\u00f3n\u2019\u2019 en el \u00e1mbito del Proyecto Ocupaci\u00f3n Horizon 1997-1999 \u2018\u2019Juntos para la autonom\u00eda\u2019\u2019 adquiriendo de la Regi\u00f3n Piemonte la certificaci\u00f3n de competencia en tema de t\u00e9cnicas de rehabilitaci\u00f3n de la visi\u00f3n.<\/p>\n<p><strong>Referente italiano de la Staar Surgical (USA)<\/strong><\/p>\n<p><strong>\u00c1mbitos de tratamientos y actividad quir\u00fargica<\/strong><\/p>\n<p>Desde el principio de su carrera el doctor Alberto Bellone ha desarrollado un inter\u00e9s especifico por la cirug\u00eda refractiva, perfeccionando las t\u00e9cnicas m\u00e1s modernas para el tratamiento de los vicios de refracci\u00f3n: el uso del excimer l\u00e1ser y el implante de lentes Visian ICL tantos esf\u00e9ricas como t\u00f3ricas.<br \/>\nEn efecto Bellone es el referente italiano de la Staar Surgical, la empresa americana que ha ideado y produce las innovadoras lentes intraoculares Visian ICL.<br \/>\nAdem\u00e1s ha acumulado una considerable experiencia en la cirug\u00eda conservativa del queratocono y de las ectasias corneales intraestromales (Ferrara Ring).<br \/>\nFinalmente ha adquirido algunas t\u00e9cnicas quir\u00fargicas espec\u00edficas para curar patolog\u00edas v\u00edtreo-retinianas como el tratamiento quir\u00fargico del desprendimiento de retina y vitrectom\u00eda sin sutura.<br \/>\nDesde el principio de su carrera hasta 2015 el Doctor Bellone ha realizado:<\/p>\n<ul>\n<li>4000 operaciones de cataratas<\/li>\n<li>600 operaciones de cirug\u00eda v\u00edtreo-retiniana<\/li>\n<li>300 instalaciones AT IOL bifocales y t\u00f3ricas<\/li>\n<li>100 instalaciones de IOL trifocales<\/li>\n<li>250 operaciones de introducci\u00f3n de IOL f\u00e0quicas<\/li>\n<li>110 instalaciones de anillos corneales intraestromales<\/li>\n<li>150 cross linking corneales<\/li>\n<li>varios cientos de inyecciones intrav\u00edtreas<\/li>\n<li>ha realizado los primeros implantes en absoluto de algunos dispositivos:<\/li>\n<\/ul>\n<p style=\"text-align: center;\"><iframe loading=\"lazy\" src=\"https:\/\/www.youtube-nocookie.com\/embed\/videoseries?list=PLEgJxXBWmjYNbastN7HQIZ4PvpW4A-lSC\" width=\"560\" height=\"315\" frameborder=\"0\" allowfullscreen=\"allowfullscreen\"><\/iframe><\/p>\n<p><strong>Estructuras<\/strong><\/p>\n<p>La actividad profesional del Doctor Bellone se desarrolla en su cl\u00ednica privada en Torino y adem\u00e1s en numerosos hospitales y centros de curaci\u00f3n cualificados en Piemonte y Lombardia:<\/p>\n<ul>\n<li>Centro quir\u00fargico MOD de Torino desde 2009 hasta la actualidad<\/li>\n<li>Instituto CIDIMU de Torino desde 2003 hasta la actualidad<\/li>\n<li>Blue Eye Milano desde 2015 hasta la actualidad<\/li>\n<li>Hospital S.Agostino en Avigliana (TO) desde 2001 hasta 2005<\/li>\n<li>Hospital Evang\u00e9lico Valdense de Torino desde 2002 hasta 2012<\/li>\n<li>San Carlo Instituto Cl\u00ednico de Busto Arsizio (VA) desde 2009 hasta 2015<\/li>\n<li>Cl\u00ednica Cellini de Torino desde 2004 hasta 2013<\/li>\n<li>Casa de curaci\u00f3n Fornaca de Torino desde 1997 hasta la actualidad<\/li>\n<li>Day Surgery LISA de Carmagnola desde 2005 hasta 2009<\/li>\n<li>CDC de Torino desde 2001 hasta 2004<\/li>\n<li>Consultorio M\u00e9dico Bellone desde 1997 hasta la actualidad<\/li>\n<\/ul>\n","protected":false},"excerpt":{"rendered":"<p>El Doctor Alberto Bellone se gradu\u00f2 en Medicina y Cirug\u00eda en la Universidad de Torino en 1996 con una puntuaci\u00f3n de 105\/110 y dignidad de prensa discutiendo la tesis \u2018\u2019Principios, T\u00e9cnica, utilidad y l\u00edmites del Eco-Color-Doppler en Oftalmolog\u00eda\u2019\u2019 asesor Prof. B. Boles Carenini. Habilitado en 1997 a la profesi\u00f3n de M\u00e9dico Cirujano, ha conseguido en [&hellip;]<\/p>\n","protected":false},"author":2,"featured_media":6630,"parent":0,"menu_order":0,"comment_status":"closed","ping_status":"closed","template":"","meta":{"footnotes":""},"class_list":["post-6628","page","type-page","status-publish","has-post-thumbnail","hentry"],"_links":{"self":[{"href":"https:\/\/albertobellone.it\/es\/wp-json\/wp\/v2\/pages\/6628","targetHints":{"allow":["GET"]}}],"collection":[{"href":"https:\/\/albertobellone.it\/es\/wp-json\/wp\/v2\/pages"}],"about":[{"href":"https:\/\/albertobellone.it\/es\/wp-json\/wp\/v2\/types\/page"}],"author":[{"embeddable":true,"href":"https:\/\/albertobellone.it\/es\/wp-json\/wp\/v2\/users\/2"}],"replies":[{"embeddable":true,"href":"https:\/\/albertobellone.it\/es\/wp-json\/wp\/v2\/comments?post=6628"}],"version-history":[{"count":0,"href":"https:\/\/albertobellone.it\/es\/wp-json\/wp\/v2\/pages\/6628\/revisions"}],"wp:featuredmedia":[{"embeddable":true,"href":"https:\/\/albertobellone.it\/es\/wp-json\/wp\/v2\/media\/6630"}],"wp:attachment":[{"href":"https:\/\/albertobellone.it\/es\/wp-json\/wp\/v2\/media?parent=6628"}],"curies":[{"name":"wp","href":"https:\/\/api.w.org\/{rel}","templated":true}]}}